{"id":505,"date":"2017-03-15T15:40:56","date_gmt":"2017-03-15T14:40:56","guid":{"rendered":"http:\/\/www.garibaldi23.it\/?page_id=505&#038;lang=en"},"modified":"2026-01-19T15:05:28","modified_gmt":"2026-01-19T14:05:28","slug":"info","status":"publish","type":"page","link":"https:\/\/www.garibaldi23.it\/en\/info\/","title":{"rendered":"Info"},"content":{"rendered":"<div class=\"big\">\r\n<div class=\"big\">QUALCHE INFORMAZIONE<\/div>\r\n<p>L&#8217;affittacamere Garibaldi23 nasce nel 2017.<br \/>Una struttura nuova e completamente ristrutturata, all&#8217;interno di un palazzo storico del centro della citt\u00e0 della Spezia.<br \/>La gestione familiare \u00e8 formata da Filippo e Caterina, che saranno a vostra completa disposizione per ogni informazione e richiesta.<br \/>L&#8217;amore per l&#8217;accoglienza e per il design ha fatto nascere questo luogo di ospitalit\u00e0 ed eleganza che vi far\u00e0 vivere un soggiorno indimenticabile.<\/p>\r\n<div class=\"big\">CHECK-IN SU APPUNTAMENTO<\/div>\r\n<p>Per agevolare il vostro check-in \u00e8 necessario indicare l&#8217;orario di arrivo.<\/p>\r\n<div class=\"big\"><strong>IMPORTANTE: Il check-in \u00e8 disponibile dalle 14:00 alle 19:00 su appuntamento.<br \/>E&#8217; possibile fare check-in posticipati su richiesta con un extra costo del servizio.<\/strong><\/div>\r\n<div class=\"big\">CHECK-OUT E DEPOSITO BAGAGLI<\/div>\r\n<p>Il check-out deve essere effettuato entro le 10.30, \u00e8 possibile comunque lasciare gratuitamente i vostri bagagli presso la hall dell&#8217;affittacamere. Per questo vi verr\u00e0 consegnata una chiave apposita per riprendere comodamente i vostri bagagli all&#8217;orario che pi\u00f9 preferite in modo totalmente autonomo.<\/p>\r\n<div class=\"big\">\r\n<div style=\"text-align: center;\"><strong>CONTATTACI!<\/strong><br \/>Per qualsiasi informazione non esitate a contattarci alla nostra mail: sara.borselli@gmail.com<br \/>oppure al seguente recapito telefonico:<br \/>0039 3272369693\r\n<p>&nbsp;<\/p>\r\n<p>&nbsp;<\/p>\r\n<p>Potete contattarci tramite telefonate, SMS o WhatsApp<\/p>\r\n<p>Non vediamo l&#8217;ora di accogliervi!<\/p>\r\n<\/div>\r\n<\/div>\r\n\r\n<p style=\"font-size: 1.25rem; color: #999999; margin-left: 36px;\">DOVE SIAMO<\/p>\r\n<figure><iframe loading=\"lazy\" style=\"border: 0px;\" src=\"https:\/\/www.google.com\/maps\/embed?pb=!1m18!1m12!1m3!1d11459.415056121577!2d9.80587466788006!3d44.1070093309842!2m3!1f0!2f0!3f0!3m2!1i1024!2i768!4f13.1!3m3!1m2!1s0x12d4fc9fac4b6ad1%3A0x35f0d68726bc66e4!2sGaribaldi23!5e0!3m2!1sen!2sit!4v1581586012163!5m2!1sen!2sit\" width=\"100%\" height=\"450\" allowfullscreen=\"allowfullscreen\"><\/iframe><\/figure>\r\n<\/div>","protected":false},"excerpt":{"rendered":"<p>QUALCHE INFORMAZIONE L&#8217;affittacamere Garibaldi23 nasce nel 2017.Una struttura nuova e completamente ristrutturata, all&#8217;interno di un palazzo storico del centro della citt\u00e0 della Spezia.La gestione familiare \u00e8 formata da Filippo e Caterina, che saranno a vostra completa disposizione per ogni informazione e richiesta.L&#8217;amore per l&#8217;accoglienza e per il design ha fatto nascere questo luogo di ospitalit\u00e0 [&hellip;]<\/p>\n","protected":false},"author":2,"featured_media":0,"parent":0,"menu_order":0,"comment_status":"closed","ping_status":"closed","template":"","meta":{"footnotes":""},"class_list":["post-505","page","type-page","status-publish","hentry"],"yoast_head":"<!-- This site is optimized with the Yoast SEO plugin v26.8 - https:\/\/yoast.com\/product\/yoast-seo-wordpress\/ -->\n<title>Info - Garibaldi 23<\/title>\n<meta name=\"robots\" content=\"index, follow, max-snippet:-1, max-image-preview:large, max-video-preview:-1\" \/>\n<link rel=\"canonical\" href=\"https:\/\/www.garibaldi23.it\/en\/info\/\" \/>\n<meta property=\"og:locale\" content=\"en_US\" \/>\n<meta property=\"og:type\" content=\"article\" \/>\n<meta property=\"og:title\" content=\"Info - Garibaldi 23\" \/>\n<meta property=\"og:description\" content=\"QUALCHE INFORMAZIONE L&#8217;affittacamere Garibaldi23 nasce nel 2017.Una struttura nuova e completamente ristrutturata, all&#8217;interno di un palazzo storico del centro della citt\u00e0 della Spezia.La gestione familiare \u00e8 formata da Filippo e Caterina, che saranno a vostra completa disposizione per ogni informazione e richiesta.L&#8217;amore per l&#8217;accoglienza e per il design ha fatto nascere questo luogo di ospitalit\u00e0 [&hellip;]\" \/>\n<meta property=\"og:url\" content=\"https:\/\/www.garibaldi23.it\/en\/info\/\" \/>\n<meta property=\"og:site_name\" content=\"Garibaldi 23\" \/>\n<meta property=\"article:publisher\" content=\"https:\/\/www.facebook.com\/garibaldi23\/?locale=it_IT\" \/>\n<meta property=\"article:modified_time\" content=\"2026-01-19T14:05:28+00:00\" \/>\n<meta name=\"twitter:card\" content=\"summary_large_image\" \/>\n<meta name=\"twitter:label1\" content=\"Est. reading time\" \/>\n\t<meta name=\"twitter:data1\" content=\"1 minute\" \/>\n<script type=\"application\/ld+json\" class=\"yoast-schema-graph\">{\"@context\":\"https:\/\/schema.org\",\"@graph\":[{\"@type\":\"WebPage\",\"@id\":\"https:\/\/www.garibaldi23.it\/en\/info\/\",\"url\":\"https:\/\/www.garibaldi23.it\/en\/info\/\",\"name\":\"Info - Garibaldi 23\",\"isPartOf\":{\"@id\":\"https:\/\/www.garibaldi23.it\/en\/#website\"},\"datePublished\":\"2017-03-15T14:40:56+00:00\",\"dateModified\":\"2026-01-19T14:05:28+00:00\",\"breadcrumb\":{\"@id\":\"https:\/\/www.garibaldi23.it\/en\/info\/#breadcrumb\"},\"inLanguage\":\"en-US\",\"potentialAction\":[{\"@type\":\"ReadAction\",\"target\":[\"https:\/\/www.garibaldi23.it\/en\/info\/\"]}]},{\"@type\":\"BreadcrumbList\",\"@id\":\"https:\/\/www.garibaldi23.it\/en\/info\/#breadcrumb\",\"itemListElement\":[{\"@type\":\"ListItem\",\"position\":1,\"name\":\"Home\",\"item\":\"https:\/\/www.garibaldi23.it\/en\/\"},{\"@type\":\"ListItem\",\"position\":2,\"name\":\"Info\"}]},{\"@type\":\"WebSite\",\"@id\":\"https:\/\/www.garibaldi23.it\/en\/#website\",\"url\":\"https:\/\/www.garibaldi23.it\/en\/\",\"name\":\"Garibaldi 23\",\"description\":\"Affittacamere a La Spezia\",\"publisher\":{\"@id\":\"https:\/\/www.garibaldi23.it\/en\/#organization\"},\"potentialAction\":[{\"@type\":\"SearchAction\",\"target\":{\"@type\":\"EntryPoint\",\"urlTemplate\":\"https:\/\/www.garibaldi23.it\/en\/?s={search_term_string}\"},\"query-input\":{\"@type\":\"PropertyValueSpecification\",\"valueRequired\":true,\"valueName\":\"search_term_string\"}}],\"inLanguage\":\"en-US\"},{\"@type\":\"Organization\",\"@id\":\"https:\/\/www.garibaldi23.it\/en\/#organization\",\"name\":\"Garibaldi 23\",\"url\":\"https:\/\/www.garibaldi23.it\/en\/\",\"logo\":{\"@type\":\"ImageObject\",\"inLanguage\":\"en-US\",\"@id\":\"https:\/\/www.garibaldi23.it\/en\/#\/schema\/logo\/image\/\",\"url\":\"https:\/\/www.garibaldi23.it\/wp-content\/uploads\/2017\/01\/Garibaldi23-1.png\",\"contentUrl\":\"https:\/\/www.garibaldi23.it\/wp-content\/uploads\/2017\/01\/Garibaldi23-1.png\",\"width\":300,\"height\":266,\"caption\":\"Garibaldi 23\"},\"image\":{\"@id\":\"https:\/\/www.garibaldi23.it\/en\/#\/schema\/logo\/image\/\"},\"sameAs\":[\"https:\/\/www.facebook.com\/garibaldi23\/?locale=it_IT\",\"https:\/\/www.instagram.com\/garibaldi23_laspezia\/\"]}]}<\/script>\n<!-- \/ Yoast SEO plugin. -->","yoast_head_json":{"title":"Info - Garibaldi 23","robots":{"index":"index","follow":"follow","max-snippet":"max-snippet:-1","max-image-preview":"max-image-preview:large","max-video-preview":"max-video-preview:-1"},"canonical":"https:\/\/www.garibaldi23.it\/en\/info\/","og_locale":"en_US","og_type":"article","og_title":"Info - Garibaldi 23","og_description":"QUALCHE INFORMAZIONE L&#8217;affittacamere Garibaldi23 nasce nel 2017.Una struttura nuova e completamente ristrutturata, all&#8217;interno di un palazzo storico del centro della citt\u00e0 della Spezia.La gestione familiare \u00e8 formata da Filippo e Caterina, che saranno a vostra completa disposizione per ogni informazione e richiesta.L&#8217;amore per l&#8217;accoglienza e per il design ha fatto nascere questo luogo di ospitalit\u00e0 [&hellip;]","og_url":"https:\/\/www.garibaldi23.it\/en\/info\/","og_site_name":"Garibaldi 23","article_publisher":"https:\/\/www.facebook.com\/garibaldi23\/?locale=it_IT","article_modified_time":"2026-01-19T14:05:28+00:00","twitter_card":"summary_large_image","twitter_misc":{"Est. reading time":"1 minute"},"schema":{"@context":"https:\/\/schema.org","@graph":[{"@type":"WebPage","@id":"https:\/\/www.garibaldi23.it\/en\/info\/","url":"https:\/\/www.garibaldi23.it\/en\/info\/","name":"Info - Garibaldi 23","isPartOf":{"@id":"https:\/\/www.garibaldi23.it\/en\/#website"},"datePublished":"2017-03-15T14:40:56+00:00","dateModified":"2026-01-19T14:05:28+00:00","breadcrumb":{"@id":"https:\/\/www.garibaldi23.it\/en\/info\/#breadcrumb"},"inLanguage":"en-US","potentialAction":[{"@type":"ReadAction","target":["https:\/\/www.garibaldi23.it\/en\/info\/"]}]},{"@type":"BreadcrumbList","@id":"https:\/\/www.garibaldi23.it\/en\/info\/#breadcrumb","itemListElement":[{"@type":"ListItem","position":1,"name":"Home","item":"https:\/\/www.garibaldi23.it\/en\/"},{"@type":"ListItem","position":2,"name":"Info"}]},{"@type":"WebSite","@id":"https:\/\/www.garibaldi23.it\/en\/#website","url":"https:\/\/www.garibaldi23.it\/en\/","name":"Garibaldi 23","description":"Affittacamere a La Spezia","publisher":{"@id":"https:\/\/www.garibaldi23.it\/en\/#organization"},"potentialAction":[{"@type":"SearchAction","target":{"@type":"EntryPoint","urlTemplate":"https:\/\/www.garibaldi23.it\/en\/?s={search_term_string}"},"query-input":{"@type":"PropertyValueSpecification","valueRequired":true,"valueName":"search_term_string"}}],"inLanguage":"en-US"},{"@type":"Organization","@id":"https:\/\/www.garibaldi23.it\/en\/#organization","name":"Garibaldi 23","url":"https:\/\/www.garibaldi23.it\/en\/","logo":{"@type":"ImageObject","inLanguage":"en-US","@id":"https:\/\/www.garibaldi23.it\/en\/#\/schema\/logo\/image\/","url":"https:\/\/www.garibaldi23.it\/wp-content\/uploads\/2017\/01\/Garibaldi23-1.png","contentUrl":"https:\/\/www.garibaldi23.it\/wp-content\/uploads\/2017\/01\/Garibaldi23-1.png","width":300,"height":266,"caption":"Garibaldi 23"},"image":{"@id":"https:\/\/www.garibaldi23.it\/en\/#\/schema\/logo\/image\/"},"sameAs":["https:\/\/www.facebook.com\/garibaldi23\/?locale=it_IT","https:\/\/www.instagram.com\/garibaldi23_laspezia\/"]}]}},"_links":{"self":[{"href":"https:\/\/www.garibaldi23.it\/en\/wp-json\/wp\/v2\/pages\/505","targetHints":{"allow":["GET"]}}],"collection":[{"href":"https:\/\/www.garibaldi23.it\/en\/wp-json\/wp\/v2\/pages"}],"about":[{"href":"https:\/\/www.garibaldi23.it\/en\/wp-json\/wp\/v2\/types\/page"}],"author":[{"embeddable":true,"href":"https:\/\/www.garibaldi23.it\/en\/wp-json\/wp\/v2\/users\/2"}],"replies":[{"embeddable":true,"href":"https:\/\/www.garibaldi23.it\/en\/wp-json\/wp\/v2\/comments?post=505"}],"version-history":[{"count":13,"href":"https:\/\/www.garibaldi23.it\/en\/wp-json\/wp\/v2\/pages\/505\/revisions"}],"predecessor-version":[{"id":971,"href":"https:\/\/www.garibaldi23.it\/en\/wp-json\/wp\/v2\/pages\/505\/revisions\/971"}],"wp:attachment":[{"href":"https:\/\/www.garibaldi23.it\/en\/wp-json\/wp\/v2\/media?parent=505"}],"curies":[{"name":"wp","href":"https:\/\/api.w.org\/{rel}","templated":true}]}}